
{"id":14,"date":"2017-02-11T15:14:15","date_gmt":"2017-02-11T14:14:15","guid":{"rendered":"http:\/\/dessusorav.cluster020.hosting.ovh.net\/site\/?page_id=14"},"modified":"2024-04-26T10:51:34","modified_gmt":"2024-04-26T08:51:34","slug":"lagence","status":"publish","type":"page","link":"http:\/\/www.dessus.org\/site\/lagence\/","title":{"rendered":"L&rsquo;agence"},"content":{"rendered":"\n<p><em><strong>\u00ab&nbsp;Architectures d\u2019exception, architectures raisonn\u00e9es&nbsp;\u00bb<\/strong><\/em><br>\n<em><strong>\u00ab Except architecture, sustainable architecture \u00bb<\/strong><\/em><\/p>\n\n\n\n<p><strong>\u6781\u54c1\u5efa\u7b51\u8bbe\u8ba1<\/strong> <strong>\u5408\u7406\u67b6\u6784<\/strong><br>\n<em><strong><br>\n<\/strong><\/em><\/p>\n\n\n\n<p>Il y a beaucoup d\u2019architectes, peu s\u2019impliquent autant dans une recherche architecturale techniquement ma\u00eetris\u00e9e, prenant en compte prioritairement les besoins des usagers, dans une approche non dogmative de la qualit\u00e9 environnementale. Sp\u00e9cialiste des op\u00e9rations complexes et \u00e0 forts enjeux, l\u2019agence multiplie les \u00e9quipements innovants, non dat\u00e9s, parfaitement adapt\u00e9s \u00e0 leur contexte. <\/p>\n\n\n\n<p>Depuis 2010, DESSUS STUDIO exerce \u00e9galement en Chine, \u00e0 SONGJIANG o\u00f9 Denis DESSUS enseigne \u00e9galement l&rsquo;architecture et l&rsquo;urbanisme \u00e9cologique pour plusieurs universit\u00e9s. <\/p>\n\n\n\n<figure class=\"wp-block-image size-large\"><img loading=\"lazy\" decoding=\"async\" width=\"1024\" height=\"768\" src=\"http:\/\/www.dessus.org\/site\/wp-content\/uploads\/2024\/04\/FIN-DE-MATERCLASS-1-1024x768.jpg\" alt=\"\" class=\"wp-image-1569\" srcset=\"http:\/\/www.dessus.org\/site\/wp-content\/uploads\/2024\/04\/FIN-DE-MATERCLASS-1-1024x768.jpg 1024w, http:\/\/www.dessus.org\/site\/wp-content\/uploads\/2024\/04\/FIN-DE-MATERCLASS-1-300x225.jpg 300w, http:\/\/www.dessus.org\/site\/wp-content\/uploads\/2024\/04\/FIN-DE-MATERCLASS-1-768x576.jpg 768w, http:\/\/www.dessus.org\/site\/wp-content\/uploads\/2024\/04\/FIN-DE-MATERCLASS-1.jpg 1440w\" sizes=\"(max-width: 1024px) 100vw, 1024px\" \/><\/figure>\n\n\n\n<p>A ces r\u00e9alisations s\u2019ajoute un investissement citoyen et militant pour la qualit\u00e9 de l\u2019architecture et des services publics en France. <\/p>\n\n\n\n<p>Denis DESSUS a \u00e9t\u00e9 pr\u00e9sident du Syndicat 07, pr\u00e9sident du Conseil R\u00e9gional des Architectes Rh\u00f4ne-Alpes, vice-pr\u00e9sident puis pr\u00e9sident du Conseil National de l&rsquo;Ordre des Architectes de 2017 \u00e0 2021. Il a initi\u00e9 la cr\u00e9ation et il est l&rsquo;actuel coordonnateur g\u00e9n\u00e9ral de l&rsquo;Alliance des Architectes Francophones (AAF), association qui r\u00e9unit les organisations professionnelles de 24 pays. <\/p>\n","protected":false},"excerpt":{"rendered":"<p>\u00ab&nbsp;Architectures d\u2019exception, architectures raisonn\u00e9es&nbsp;\u00bb \u00ab Except architecture, sustainable architecture \u00bb \u6781\u54c1\u5efa\u7b51\u8bbe\u8ba1 \u5408\u7406\u67b6\u6784 Il y a beaucoup d\u2019architectes, peu s\u2019impliquent autant dans une recherche architecturale techniquement ma\u00eetris\u00e9e, prenant en compte prioritairement les besoins des usagers, dans une approche non dogmative de la qualit\u00e9 environnementale. Sp\u00e9cialiste des op\u00e9rations complexes et \u00e0 forts enjeux, l\u2019agence multiplie les \u00e9quipements [&hellip;]<\/p>\n","protected":false},"author":1,"featured_media":0,"parent":0,"menu_order":0,"comment_status":"closed","ping_status":"closed","template":"","meta":{"footnotes":""},"_links":{"self":[{"href":"http:\/\/www.dessus.org\/site\/wp-json\/wp\/v2\/pages\/14"}],"collection":[{"href":"http:\/\/www.dessus.org\/site\/wp-json\/wp\/v2\/pages"}],"about":[{"href":"http:\/\/www.dessus.org\/site\/wp-json\/wp\/v2\/types\/page"}],"author":[{"embeddable":true,"href":"http:\/\/www.dessus.org\/site\/wp-json\/wp\/v2\/users\/1"}],"replies":[{"embeddable":true,"href":"http:\/\/www.dessus.org\/site\/wp-json\/wp\/v2\/comments?post=14"}],"version-history":[{"count":4,"href":"http:\/\/www.dessus.org\/site\/wp-json\/wp\/v2\/pages\/14\/revisions"}],"predecessor-version":[{"id":1570,"href":"http:\/\/www.dessus.org\/site\/wp-json\/wp\/v2\/pages\/14\/revisions\/1570"}],"wp:attachment":[{"href":"http:\/\/www.dessus.org\/site\/wp-json\/wp\/v2\/media?parent=14"}],"curies":[{"name":"wp","href":"https:\/\/api.w.org\/{rel}","templated":true}]}}