
{"id":21,"date":"2017-02-11T15:15:56","date_gmt":"2017-02-11T14:15:56","guid":{"rendered":"http:\/\/dessusorav.cluster020.hosting.ovh.net\/site\/?page_id=21"},"modified":"2024-04-30T17:41:14","modified_gmt":"2024-04-30T15:41:14","slug":"presse-ecrite-radio-tele-publications","status":"publish","type":"page","link":"http:\/\/www.dessus.org\/site\/presse-ecrite-radio-tele-publications\/","title":{"rendered":"M\u00e9dias \u2013 Publications"},"content":{"rendered":"<h1><strong>Presse \u00e9crite :<\/strong><\/h1>\n<p><em><a title=\"Dossier de presse\" href=\"http:\/\/www.dessus.org\/site\/wp-content\/uploads\/2024\/04\/2024_extrait-de-presse_ARCHI.pdf\" target=\"_blank\" rel=\"noopener\">La revue de presse <span style=\"color: #ff0000;\">ARCHI<\/span> \u00e0 t\u00e9l\u00e9charger <span style=\"color: #ff0000;\">ici<\/span><\/a><\/em><\/p>\n<p><a href=\"http:\/\/www.dessus.org\/site\/wp-content\/uploads\/2017\/02\/2016_page-de-garde_ARCHI.jpg\"><img loading=\"lazy\" decoding=\"async\" class=\"alignnone wp-image-928\" src=\"http:\/\/www.dessus.org\/site\/wp-content\/uploads\/2017\/02\/2016_page-de-garde_ARCHI.jpg\" alt=\"\" width=\"291\" height=\"370\" srcset=\"http:\/\/www.dessus.org\/site\/wp-content\/uploads\/2017\/02\/2016_page-de-garde_ARCHI.jpg 578w, http:\/\/www.dessus.org\/site\/wp-content\/uploads\/2017\/02\/2016_page-de-garde_ARCHI-236x300.jpg 236w\" sizes=\"(max-width: 291px) 100vw, 291px\" \/><\/a><\/p>\n<p><em><a title=\"Dossier de presse\" href=\"http:\/\/www.dessus.org\/site\/wp-content\/uploads\/2024\/04\/2024_extrait-de-presse_CNOA.pdf\" target=\"_blank\" rel=\"noopener\">La revue de presse <span style=\"color: #ff0000;\">CNOA<\/span> \u00e0 t\u00e9l\u00e9charger <span style=\"color: #ff0000;\">ici<\/span><\/a><\/em><\/p>\n<p>&nbsp;<\/p>\n<hr \/>\n<h1><strong>Web :<\/strong><\/h1>\n<ul>\n<li><a href=\"https:\/\/www.rtl.fr\/actu\/economie-consommation\/denis-dessus-architecte-a-privas-en-ardeche-et-a-shanghai-7797522566\">RTL &gt; \u00ab\u00a0Denis Dessus, architecte \u00e0 Privas, en Ard\u00e8che, et \u00e0 Shanghai\u00a0\u00bb<\/a><\/li>\n<li><a href=\"https:\/\/www.ledauphine.com\/economie\/2022\/11\/16\/denis-dessus-un-architecte-ardechois-qui-manie-pedagogie-et-ecologie\">LE DAUPHINE &gt; \u00ab\u00a0Denis Dessus, un architecte ard\u00e9chois qui manie p\u00e9dagogie et \u00e9cologie\u00a0\u00bb<\/a><\/li>\n<li><a href=\"https:\/\/www.architectes.org\/actualites\/relancer-la-construction-la-renovation-et-l-amenagement-urbain-une-necessite-sociale?fbclid=IwZXh0bgNhZW0CMTAAAR2o0s3mVVl8a9zd6v2bKUIm6vdyVn_7jNozBQhPFbJO9Isi_-ZeTkEh-_A_aem_AToiqLbdIkLE_x0d22-7fzNwuRqsCh9FTCPuFrA46HTH8oOtEd3LgwCyfWAbMsxhyaK4wE9dH2OPLgvIHUgjIEhr\">CNOA &gt; \u00ab\u00a0Relancer la construction, la r\u00e9novation et l&rsquo;am\u00e9nagement urbain\u00a0\u00bb<\/a><\/li>\n<li><a title=\"Dossier de presse\" href=\"http:\/\/www.batiactu.com\/edito\/tour-montparnasse-futur-relokee-par-architecte-denis-46914.php\" target=\"_blank\" rel=\"noopener\">BATIACTU &gt; \u00ab\u00a0Une Tour Montparnasse relook\u00e9e par l&rsquo;architecte Denis Dessus\u00a0\u00bb<\/a><\/li>\n<li><a href=\"https:\/\/www.youtube.com\/watch?v=eQ7nmDK-Vtw\">RTL \/ U2P &gt; \u00ab\u00a0Mon m\u00e9tier, ma passion &#8211; Denis Dessus, architecte\u00a0\u00bb<\/a><\/li>\n<\/ul>\n<p>___________________________________________________________________<\/p>\n<h1>Web TV :<em><br \/>\n<\/em><\/h1>\n<ul>\n<li><a href=\"https:\/\/www.europe1.fr\/emissions\/le-5-6\/julien-pearce-avec-denis-dessus-3978221\">EUROPE 1 &gt; \u00ab\u00a0Julien Pearce avec Denis Dessus\u00a0\u00bb<\/a><\/li>\n<li><a href=\"https:\/\/www.youtube.com\/watch?v=aG1sxbslCzY\">Cit\u00e9 de l&rsquo;Architecture et du Patrimoine &gt; \u00ab\u00a0Les grands d\u00e9fis : \u00e9cologie, climat, sant\u00e9\u00a0\u00bb<\/a><\/li>\n<li><a href=\"https:\/\/www.youtube.com\/watch?v=GEFq-8jbiF4\">EnerJ Meeting &gt; \u00ab\u00a0Plan de r\u00e9novation \u00e9nerg\u00e9tique des b\u00e2timents\u00a0\u00bb<\/a><\/li>\n<li><a href=\"https:\/\/www.youtube.com\/watch?v=Xzft7DXWsLE\">EnerJ Meeting &gt; \u00ab\u00a0R\u00e9novation r\u00e9ussie : n&rsquo;oublions pas les besoins humains pour plus de mieux-\u00eatre\u00a0\u00bb<\/a><\/li>\n<li><a href=\"http:\/\/videos.senat.fr\/video.2152930_6046b2e9202fa.table-ronde-sur-le-theme---amenagement-egalite-cohesion-des-territoires--comment-concilier-metr\">SENAT &gt; \u00ab\u00a0Table ronde sur le th\u00e8me : Am\u00e9nagement, \u00e9galit\u00e9, coh\u00e9sion des territoires\u00a0\u00bb<\/a><\/li>\n<li><a href=\"https:\/\/bfmbusiness.bfmtv.com\/mediaplayer\/video\/denis-dessus-ordre-des-architectes-les-consequences-de-la-crise-sur-l-architecture-1307-1262482.html\">BFM TV &gt; \u00ab\u00a0Les cons\u00e9quences de la crise sur l&rsquo;architecture\u00a0\u00bb<\/a><\/li>\n<li><a href=\"https:\/\/www.youtube.com\/watch?v=gTavolLCIF4\">Demain Matin &gt; \u00ab\u00a0La sant\u00e9 rel\u00e8ve de l&rsquo;architecture\u00a0\u00bb<\/a><\/li>\n<li><a href=\"https:\/\/www.youtube.com\/watch?v=wckOvis0ysI\">La Grande Cause Permanente &gt; \u00ab\u00a0Denis Dessus parle de la loi logement 2018\u00a0\u00bb<\/a><\/li>\n<li><a href=\"http:\/\/lespppalabarre.unblog.fr\/2016\/04\/26\/deuxieme-temoin-denis-dessus\/\">SciencesPo Lyon &gt; \u00ab\u00a0Les PPP \u00e0 la barre\u00a0\u00bb<\/a><\/li>\n<li><a href=\"http:\/\/www.dailymotion.com\/video\/x2ywdvp\">CNOA &gt; \u00ab\u00a0Le PPP de l\u2019universit\u00e9 Paris VII : un cas d\u2019\u00e9cole ?\u00a0\u00bb<\/a><\/li>\n<li><a href=\"https:\/\/www.dailymotion.com\/video\/x6w79ij\">CNOA &gt; \u00ab\u00a0R\u00e8glementation de la profession et concurrence\u00a0\u00bb<\/a><\/li>\n<\/ul>\n<p>&nbsp;<\/p>\n<hr \/>\n<h1>TMM (R)EVOLUTION<\/h1>\n<p><a href=\"http:\/\/tourmontparnasse.canalblog.com\/\"><img loading=\"lazy\" decoding=\"async\" class=\"alignnone wp-image-943\" src=\"http:\/\/www.dessus.org\/site\/wp-content\/uploads\/2017\/02\/TMM.02.D.DESSUS-1-655x1024.jpg\" alt=\"\" width=\"291\" height=\"455\" srcset=\"http:\/\/www.dessus.org\/site\/wp-content\/uploads\/2017\/02\/TMM.02.D.DESSUS-1-655x1024.jpg 655w, http:\/\/www.dessus.org\/site\/wp-content\/uploads\/2017\/02\/TMM.02.D.DESSUS-1-192x300.jpg 192w, http:\/\/www.dessus.org\/site\/wp-content\/uploads\/2017\/02\/TMM.02.D.DESSUS-1-768x1201.jpg 768w, http:\/\/www.dessus.org\/site\/wp-content\/uploads\/2017\/02\/TMM.02.D.DESSUS-1.jpg 900w\" sizes=\"(max-width: 291px) 100vw, 291px\" \/><\/a><\/p>\n<hr \/>\n<h1><strong><span class=\"aligncenter\">T\u00e9l\u00e9vision \/ Chine :<\/span><\/strong><\/h1>\n<p><strong>Reportage durant le journal t\u00e9l\u00e9vis\u00e9 chinois (Congr\u00e8s sur l&rsquo;Institut National de l\u2019\u00c9ducation)<\/strong><\/p>\n<p><a href=\"http:\/\/www.dessus.org\/site\/wp-content\/uploads\/2017\/06\/film.tv_.chine_.mov\">www.dessus.org.film.tv.chine<\/a><br \/>\n___________________________________________________________________<\/p>\n<p><strong> <span class=\"aligncenter\">Reportage\u00a0 &amp;\u00a0 D\u00e9bat sur les PPP\u00a0 (France 3 \u2013 Pi\u00e8ces \u00e0 Conviction)<\/span><\/strong><\/p>\n<p><iframe loading=\"lazy\" title=\"PPP - Pi\u00e8ces a conviction Partenariat Public Priv\u00e9\" width=\"540\" height=\"405\" src=\"https:\/\/www.youtube.com\/embed\/Gjuw-BUmMjc?feature=oembed\" frameborder=\"0\" allow=\"accelerometer; autoplay; clipboard-write; encrypted-media; gyroscope; picture-in-picture; web-share\" referrerpolicy=\"strict-origin-when-cross-origin\" allowfullscreen><\/iframe><\/p>\n<p>___________________________________________________________________<\/p>\n<p><strong>Pavillon Rh\u00f4ne-Alpes \u2013 Expo Universelle Shangha\u00ef<\/strong><\/p>\n<p><iframe loading=\"lazy\" title=\"Pavillon Rh\u00f4ne-Alpes : beau succ\u00e8s\" width=\"540\" height=\"405\" src=\"https:\/\/www.youtube.com\/embed\/BZd75N6gYWc?feature=oembed\" frameborder=\"0\" allow=\"accelerometer; autoplay; clipboard-write; encrypted-media; gyroscope; picture-in-picture; web-share\" referrerpolicy=\"strict-origin-when-cross-origin\" allowfullscreen><\/iframe><\/p>\n<hr \/>\n<h1><strong>Publications : <\/strong><\/h1>\n<p>\u00ab\u00a0Les march\u00e9s de ma\u00eetrise d\u2019\u0153uvre\u00a0\u00bb &#8211; Lydia Di Martino &amp; Denis DESSUS &#8211; Editeur :\u00a0Berger-Levrault &#8211; Collection :\u00a0Pr@tiques locales<\/p>\n<p><a href=\"https:\/\/www.lgdj.fr\/les-marches-de-maitrise-d-oeuvre-9782701317731.html\"><img loading=\"lazy\" decoding=\"async\" class=\"alignnone wp-image-502\" src=\"http:\/\/www.dessus.org\/site\/wp-content\/uploads\/2017\/02\/Couv_march\u00das-MO.png\" alt=\"\" width=\"370\" height=\"562\" srcset=\"http:\/\/www.dessus.org\/site\/wp-content\/uploads\/2017\/02\/Couv_march\u00das-MO.png 464w, http:\/\/www.dessus.org\/site\/wp-content\/uploads\/2017\/02\/Couv_march\u00das-MO-197x300.png 197w\" sizes=\"(max-width: 370px) 100vw, 370px\" \/><\/a><\/p>\n<hr \/>\n<p>&nbsp;<\/p>\n","protected":false},"excerpt":{"rendered":"<p>Presse \u00e9crite : La revue de presse ARCHI \u00e0 t\u00e9l\u00e9charger ici La revue de presse CNOA \u00e0 t\u00e9l\u00e9charger ici &nbsp; Web : RTL &gt; \u00ab\u00a0Denis Dessus, architecte \u00e0 Privas, en Ard\u00e8che, et \u00e0 Shanghai\u00a0\u00bb LE DAUPHINE &gt; \u00ab\u00a0Denis Dessus, un architecte ard\u00e9chois qui manie p\u00e9dagogie et \u00e9cologie\u00a0\u00bb CNOA &gt; \u00ab\u00a0Relancer la construction, la r\u00e9novation et [&hellip;]<\/p>\n","protected":false},"author":1,"featured_media":0,"parent":0,"menu_order":0,"comment_status":"closed","ping_status":"closed","template":"","meta":{"footnotes":""},"_links":{"self":[{"href":"http:\/\/www.dessus.org\/site\/wp-json\/wp\/v2\/pages\/21"}],"collection":[{"href":"http:\/\/www.dessus.org\/site\/wp-json\/wp\/v2\/pages"}],"about":[{"href":"http:\/\/www.dessus.org\/site\/wp-json\/wp\/v2\/types\/page"}],"author":[{"embeddable":true,"href":"http:\/\/www.dessus.org\/site\/wp-json\/wp\/v2\/users\/1"}],"replies":[{"embeddable":true,"href":"http:\/\/www.dessus.org\/site\/wp-json\/wp\/v2\/comments?post=21"}],"version-history":[{"count":72,"href":"http:\/\/www.dessus.org\/site\/wp-json\/wp\/v2\/pages\/21\/revisions"}],"predecessor-version":[{"id":1658,"href":"http:\/\/www.dessus.org\/site\/wp-json\/wp\/v2\/pages\/21\/revisions\/1658"}],"wp:attachment":[{"href":"http:\/\/www.dessus.org\/site\/wp-json\/wp\/v2\/media?parent=21"}],"curies":[{"name":"wp","href":"https:\/\/api.w.org\/{rel}","templated":true}]}}