
{"id":807,"date":"2017-10-25T09:01:32","date_gmt":"2017-10-25T07:01:32","guid":{"rendered":"http:\/\/www.dessus.org\/site\/?page_id=807"},"modified":"2024-04-25T14:17:11","modified_gmt":"2024-04-25T12:17:11","slug":"exposition","status":"publish","type":"page","link":"http:\/\/www.dessus.org\/site\/exposition\/","title":{"rendered":"Expositions"},"content":{"rendered":"<p><b>Exposition pr\u00e9sent\u00e9e dans le cadre des Journ\u00e9es nationales de l&rsquo;architecture<\/b><br \/>\n<b>organis\u00e9es par le Minist\u00e8re de la Culture et de la Communication<\/b><\/p>\n<p><img loading=\"lazy\" decoding=\"async\" class=\"alignnone wp-image-811\" src=\"http:\/\/www.dessus.org\/site\/wp-content\/uploads\/2017\/10\/Panneau-A0-TMM-web-724x1024.jpg\" alt=\"\" width=\"424\" height=\"600\" srcset=\"http:\/\/www.dessus.org\/site\/wp-content\/uploads\/2017\/10\/Panneau-A0-TMM-web-724x1024.jpg 724w, http:\/\/www.dessus.org\/site\/wp-content\/uploads\/2017\/10\/Panneau-A0-TMM-web-212x300.jpg 212w, http:\/\/www.dessus.org\/site\/wp-content\/uploads\/2017\/10\/Panneau-A0-TMM-web-768x1086.jpg 768w\" sizes=\"(max-width: 424px) 100vw, 424px\" \/>\u00a0 \u00a0 \u00a0 \u00a0 \u00a0 \u00a0<img loading=\"lazy\" decoding=\"async\" class=\"alignnone wp-image-827\" src=\"http:\/\/www.dessus.org\/site\/wp-content\/uploads\/2017\/10\/Panneau-A0-Four-mountains-web-1-724x1024.jpg\" alt=\"\" width=\"424\" height=\"600\" srcset=\"http:\/\/www.dessus.org\/site\/wp-content\/uploads\/2017\/10\/Panneau-A0-Four-mountains-web-1-724x1024.jpg 724w, http:\/\/www.dessus.org\/site\/wp-content\/uploads\/2017\/10\/Panneau-A0-Four-mountains-web-1-212x300.jpg 212w, http:\/\/www.dessus.org\/site\/wp-content\/uploads\/2017\/10\/Panneau-A0-Four-mountains-web-1-768x1086.jpg 768w, http:\/\/www.dessus.org\/site\/wp-content\/uploads\/2017\/10\/Panneau-A0-Four-mountains-web-1.jpg 1686w\" sizes=\"(max-width: 424px) 100vw, 424px\" \/><\/p>\n<p><img loading=\"lazy\" decoding=\"async\" class=\"alignnone wp-image-813\" src=\"http:\/\/www.dessus.org\/site\/wp-content\/uploads\/2017\/10\/Panneau-A0-Shangai-web-724x1024.jpg\" alt=\"\" width=\"424\" height=\"600\" srcset=\"http:\/\/www.dessus.org\/site\/wp-content\/uploads\/2017\/10\/Panneau-A0-Shangai-web-724x1024.jpg 724w, http:\/\/www.dessus.org\/site\/wp-content\/uploads\/2017\/10\/Panneau-A0-Shangai-web-212x300.jpg 212w, http:\/\/www.dessus.org\/site\/wp-content\/uploads\/2017\/10\/Panneau-A0-Shangai-web-768x1086.jpg 768w\" sizes=\"(max-width: 424px) 100vw, 424px\" \/>\u00a0 \u00a0 \u00a0 \u00a0 \u00a0\u00a0\u00a0 <img loading=\"lazy\" decoding=\"async\" class=\"alignnone wp-image-814\" src=\"http:\/\/www.dessus.org\/site\/wp-content\/uploads\/2017\/10\/Panneau-A0-Shangai-Bocuse-web-724x1024.jpg\" alt=\"\" width=\"424\" height=\"600\" srcset=\"http:\/\/www.dessus.org\/site\/wp-content\/uploads\/2017\/10\/Panneau-A0-Shangai-Bocuse-web-724x1024.jpg 724w, http:\/\/www.dessus.org\/site\/wp-content\/uploads\/2017\/10\/Panneau-A0-Shangai-Bocuse-web-212x300.jpg 212w, http:\/\/www.dessus.org\/site\/wp-content\/uploads\/2017\/10\/Panneau-A0-Shangai-Bocuse-web-768x1086.jpg 768w\" sizes=\"(max-width: 424px) 100vw, 424px\" \/><\/p>\n<p><img loading=\"lazy\" decoding=\"async\" class=\"alignnone wp-image-815\" src=\"http:\/\/www.dessus.org\/site\/wp-content\/uploads\/2017\/10\/Panneau-A0-St-Maurice-Exil-web-724x1024.jpg\" alt=\"\" width=\"424\" height=\"600\" srcset=\"http:\/\/www.dessus.org\/site\/wp-content\/uploads\/2017\/10\/Panneau-A0-St-Maurice-Exil-web-724x1024.jpg 724w, http:\/\/www.dessus.org\/site\/wp-content\/uploads\/2017\/10\/Panneau-A0-St-Maurice-Exil-web-212x300.jpg 212w, http:\/\/www.dessus.org\/site\/wp-content\/uploads\/2017\/10\/Panneau-A0-St-Maurice-Exil-web-768x1086.jpg 768w\" sizes=\"(max-width: 424px) 100vw, 424px\" \/>\u00a0 \u00a0 \u00a0 \u00a0 \u00a0 \u00a0\u00a0<img loading=\"lazy\" decoding=\"async\" class=\"alignnone wp-image-817\" src=\"http:\/\/www.dessus.org\/site\/wp-content\/uploads\/2017\/10\/Panneau-A0-Ineed-web-724x1024.jpg\" alt=\"\" width=\"424\" height=\"600\" srcset=\"http:\/\/www.dessus.org\/site\/wp-content\/uploads\/2017\/10\/Panneau-A0-Ineed-web-724x1024.jpg 724w, http:\/\/www.dessus.org\/site\/wp-content\/uploads\/2017\/10\/Panneau-A0-Ineed-web-212x300.jpg 212w, http:\/\/www.dessus.org\/site\/wp-content\/uploads\/2017\/10\/Panneau-A0-Ineed-web-768x1086.jpg 768w\" sizes=\"(max-width: 424px) 100vw, 424px\" \/><\/p>\n<p><img loading=\"lazy\" decoding=\"async\" class=\"alignnone wp-image-818\" src=\"http:\/\/www.dessus.org\/site\/wp-content\/uploads\/2017\/10\/Panneau-A0-ThVals-web-724x1024.jpg\" alt=\"\" width=\"424\" height=\"600\" srcset=\"http:\/\/www.dessus.org\/site\/wp-content\/uploads\/2017\/10\/Panneau-A0-ThVals-web-724x1024.jpg 724w, http:\/\/www.dessus.org\/site\/wp-content\/uploads\/2017\/10\/Panneau-A0-ThVals-web-212x300.jpg 212w, http:\/\/www.dessus.org\/site\/wp-content\/uploads\/2017\/10\/Panneau-A0-ThVals-web-768x1086.jpg 768w\" sizes=\"(max-width: 424px) 100vw, 424px\" \/>\u00a0 \u00a0 \u00a0 \u00a0 \u00a0 \u00a0\u00a0<img loading=\"lazy\" decoding=\"async\" class=\"alignnone wp-image-819\" src=\"http:\/\/www.dessus.org\/site\/wp-content\/uploads\/2017\/10\/Panneau-A0-thNeyrac-web-724x1024.jpg\" alt=\"\" width=\"424\" height=\"600\" srcset=\"http:\/\/www.dessus.org\/site\/wp-content\/uploads\/2017\/10\/Panneau-A0-thNeyrac-web-724x1024.jpg 724w, http:\/\/www.dessus.org\/site\/wp-content\/uploads\/2017\/10\/Panneau-A0-thNeyrac-web-212x300.jpg 212w, http:\/\/www.dessus.org\/site\/wp-content\/uploads\/2017\/10\/Panneau-A0-thNeyrac-web-768x1086.jpg 768w\" sizes=\"(max-width: 424px) 100vw, 424px\" \/><\/p>\n<p><img loading=\"lazy\" decoding=\"async\" class=\"alignnone wp-image-820\" src=\"http:\/\/www.dessus.org\/site\/wp-content\/uploads\/2017\/10\/Panneau-A0-HOP-UZES-724x1024.jpg\" alt=\"\" width=\"424\" height=\"600\" srcset=\"http:\/\/www.dessus.org\/site\/wp-content\/uploads\/2017\/10\/Panneau-A0-HOP-UZES-724x1024.jpg 724w, http:\/\/www.dessus.org\/site\/wp-content\/uploads\/2017\/10\/Panneau-A0-HOP-UZES-212x300.jpg 212w, http:\/\/www.dessus.org\/site\/wp-content\/uploads\/2017\/10\/Panneau-A0-HOP-UZES-768x1086.jpg 768w, http:\/\/www.dessus.org\/site\/wp-content\/uploads\/2017\/10\/Panneau-A0-HOP-UZES.jpg 1157w\" sizes=\"(max-width: 424px) 100vw, 424px\" \/>\u00a0 \u00a0 \u00a0 \u00a0 \u00a0\u00a0\u00a0\u00a0<img loading=\"lazy\" decoding=\"async\" class=\"alignnone wp-image-821\" src=\"http:\/\/www.dessus.org\/site\/wp-content\/uploads\/2017\/10\/Panneau-A0-HOP-VDB-724x1024.jpg\" alt=\"\" width=\"424\" height=\"600\" srcset=\"http:\/\/www.dessus.org\/site\/wp-content\/uploads\/2017\/10\/Panneau-A0-HOP-VDB-724x1024.jpg 724w, http:\/\/www.dessus.org\/site\/wp-content\/uploads\/2017\/10\/Panneau-A0-HOP-VDB-212x300.jpg 212w, http:\/\/www.dessus.org\/site\/wp-content\/uploads\/2017\/10\/Panneau-A0-HOP-VDB-768x1086.jpg 768w, http:\/\/www.dessus.org\/site\/wp-content\/uploads\/2017\/10\/Panneau-A0-HOP-VDB.jpg 827w\" sizes=\"(max-width: 424px) 100vw, 424px\" \/><\/p>\n<p><img loading=\"lazy\" decoding=\"async\" class=\"alignnone wp-image-822\" src=\"http:\/\/www.dessus.org\/site\/wp-content\/uploads\/2017\/10\/Panneau-A0-Moussac-web-724x1024.jpg\" alt=\"\" width=\"424\" height=\"600\" srcset=\"http:\/\/www.dessus.org\/site\/wp-content\/uploads\/2017\/10\/Panneau-A0-Moussac-web-724x1024.jpg 724w, http:\/\/www.dessus.org\/site\/wp-content\/uploads\/2017\/10\/Panneau-A0-Moussac-web-212x300.jpg 212w, http:\/\/www.dessus.org\/site\/wp-content\/uploads\/2017\/10\/Panneau-A0-Moussac-web-768x1086.jpg 768w\" sizes=\"(max-width: 424px) 100vw, 424px\" \/>\u00a0 \u00a0 \u00a0 \u00a0 \u00a0\u00a0\u00a0\u00a0<img loading=\"lazy\" decoding=\"async\" class=\"alignnone wp-image-816\" src=\"http:\/\/www.dessus.org\/site\/wp-content\/uploads\/2017\/10\/Panneau-A0-CCI-07-web-724x1024.jpg\" alt=\"\" width=\"424\" height=\"600\" srcset=\"http:\/\/www.dessus.org\/site\/wp-content\/uploads\/2017\/10\/Panneau-A0-CCI-07-web-724x1024.jpg 724w, http:\/\/www.dessus.org\/site\/wp-content\/uploads\/2017\/10\/Panneau-A0-CCI-07-web-212x300.jpg 212w, http:\/\/www.dessus.org\/site\/wp-content\/uploads\/2017\/10\/Panneau-A0-CCI-07-web-768x1086.jpg 768w\" sizes=\"(max-width: 424px) 100vw, 424px\" \/><\/p>\n<p><img loading=\"lazy\" decoding=\"async\" class=\"alignnone wp-image-823\" src=\"http:\/\/www.dessus.org\/site\/wp-content\/uploads\/2017\/10\/Panneau-A0-Villa-Deschamps-web-724x1024.jpg\" alt=\"\" width=\"424\" height=\"600\" srcset=\"http:\/\/www.dessus.org\/site\/wp-content\/uploads\/2017\/10\/Panneau-A0-Villa-Deschamps-web-724x1024.jpg 724w, http:\/\/www.dessus.org\/site\/wp-content\/uploads\/2017\/10\/Panneau-A0-Villa-Deschamps-web-212x300.jpg 212w, http:\/\/www.dessus.org\/site\/wp-content\/uploads\/2017\/10\/Panneau-A0-Villa-Deschamps-web-768x1086.jpg 768w\" sizes=\"(max-width: 424px) 100vw, 424px\" \/><\/p>\n\n\n<p><em>CHINE &#8211; Exposition permanente \u00e0 l&rsquo;immeuble DETAO \/ Universit\u00e9 SIVA, Shanghai<\/em><\/p>\n\n\n\n<p>\u8ba9\u6211\u4eec\u4e00\u8d77\u6765\u6784\u60f3\u4e00\u5ea7\u548c\u8c10\u7684\u57ce\u5e02<\/p>\n\n\n\n<p>\u53ef\u6301\u7eed\u5efa\u7b51\u53ca\u521b\u65b0<\/p>\n\n\n\n<p>\u4f5c\u4e3a\u53ef\u6301\u7eed\u5efa\u7b51\u4ee5\u53ca\u65b0\u79d1\u6280\u7684\u9f99\u5934\u5efa\u7b51\u8bbe\u8ba1\u6240\uff0c\u6211\u4eec\u521b\u65b0\u63a8\u51fa\u4e86\u8bb8\u591a\u89e3\u51b3\u65b9\u6848\uff0c\u8fd9\u4e9b\u65b9\u6848\u6b63\u5728\u6216\u8005\u5c06\u88ab\u5176\u4ed6\u4f01\u4e1a\u91c7\u7528<\/p>\n\n\n\n\n\t\t<style type=\"text\/css\">\n\t\t\t#gallery-1 {\n\t\t\t\tmargin: auto;\n\t\t\t}\n\t\t\t#gallery-1 .gallery-item {\n\t\t\t\tfloat: left;\n\t\t\t\tmargin-top: 10px;\n\t\t\t\ttext-align: center;\n\t\t\t\twidth: 20%;\n\t\t\t}\n\t\t\t#gallery-1 img {\n\t\t\t\tborder: 2px solid #cfcfcf;\n\t\t\t}\n\t\t\t#gallery-1 .gallery-caption {\n\t\t\t\tmargin-left: 0;\n\t\t\t}\n\t\t\t\/* see gallery_shortcode() in wp-includes\/media.php *\/\n\t\t<\/style>\n\t\t<div id='gallery-1' class='gallery galleryid-807 gallery-columns-5 gallery-size-thumbnail'><dl class='gallery-item'>\n\t\t\t<dt class='gallery-icon portrait'>\n\t\t\t\t<a href='http:\/\/www.dessus.org\/site\/%e4%b8%ad%e5%9c%8b\/panneaux-a0-indd\/'><img loading=\"lazy\" decoding=\"async\" width=\"125\" height=\"125\" src=\"http:\/\/www.dessus.org\/site\/wp-content\/uploads\/2017\/02\/Panneaux-A0-1-125x125.jpg\" class=\"attachment-thumbnail size-thumbnail\" alt=\"\" \/><\/a>\n\t\t\t<\/dt><\/dl><dl class='gallery-item'>\n\t\t\t<dt class='gallery-icon portrait'>\n\t\t\t\t<a href='http:\/\/www.dessus.org\/site\/%e4%b8%ad%e5%9c%8b\/panneaux-a0-indd-2\/'><img loading=\"lazy\" decoding=\"async\" width=\"125\" height=\"125\" src=\"http:\/\/www.dessus.org\/site\/wp-content\/uploads\/2017\/02\/Panneaux-A0-2-125x125.jpg\" class=\"attachment-thumbnail size-thumbnail\" alt=\"\" \/><\/a>\n\t\t\t<\/dt><\/dl><dl class='gallery-item'>\n\t\t\t<dt class='gallery-icon portrait'>\n\t\t\t\t<a href='http:\/\/www.dessus.org\/site\/%e4%b8%ad%e5%9c%8b\/panneaux-a0-indd-3\/'><img loading=\"lazy\" decoding=\"async\" width=\"125\" height=\"125\" src=\"http:\/\/www.dessus.org\/site\/wp-content\/uploads\/2017\/02\/Panneaux-A0-3-125x125.jpg\" class=\"attachment-thumbnail size-thumbnail\" alt=\"\" \/><\/a>\n\t\t\t<\/dt><\/dl><dl class='gallery-item'>\n\t\t\t<dt class='gallery-icon portrait'>\n\t\t\t\t<a href='http:\/\/www.dessus.org\/site\/%e4%b8%ad%e5%9c%8b\/panneaux-a0-indd-4\/'><img loading=\"lazy\" decoding=\"async\" width=\"125\" height=\"125\" src=\"http:\/\/www.dessus.org\/site\/wp-content\/uploads\/2017\/02\/Panneaux-A0-4-125x125.jpg\" class=\"attachment-thumbnail size-thumbnail\" alt=\"\" \/><\/a>\n\t\t\t<\/dt><\/dl><dl class='gallery-item'>\n\t\t\t<dt class='gallery-icon portrait'>\n\t\t\t\t<a href='http:\/\/www.dessus.org\/site\/%e4%b8%ad%e5%9c%8b\/panneaux-a0-indd-5\/'><img loading=\"lazy\" decoding=\"async\" width=\"125\" height=\"125\" src=\"http:\/\/www.dessus.org\/site\/wp-content\/uploads\/2017\/02\/Panneaux-A0-5-125x125.jpg\" class=\"attachment-thumbnail size-thumbnail\" alt=\"\" \/><\/a>\n\t\t\t<\/dt><\/dl><br style=\"clear: both\" \/><dl class='gallery-item'>\n\t\t\t<dt class='gallery-icon portrait'>\n\t\t\t\t<a href='http:\/\/www.dessus.org\/site\/%e4%b8%ad%e5%9c%8b\/panneaux-a0-indd-6\/'><img loading=\"lazy\" decoding=\"async\" width=\"125\" height=\"125\" src=\"http:\/\/www.dessus.org\/site\/wp-content\/uploads\/2017\/02\/Panneaux-A0-6-125x125.jpg\" class=\"attachment-thumbnail size-thumbnail\" alt=\"\" \/><\/a>\n\t\t\t<\/dt><\/dl><dl class='gallery-item'>\n\t\t\t<dt class='gallery-icon portrait'>\n\t\t\t\t<a href='http:\/\/www.dessus.org\/site\/%e4%b8%ad%e5%9c%8b\/panneaux-a0-indd-7\/'><img loading=\"lazy\" decoding=\"async\" width=\"125\" height=\"125\" src=\"http:\/\/www.dessus.org\/site\/wp-content\/uploads\/2017\/02\/Panneaux-A0-7-125x125.jpg\" class=\"attachment-thumbnail size-thumbnail\" alt=\"\" \/><\/a>\n\t\t\t<\/dt><\/dl><dl class='gallery-item'>\n\t\t\t<dt class='gallery-icon portrait'>\n\t\t\t\t<a href='http:\/\/www.dessus.org\/site\/%e4%b8%ad%e5%9c%8b\/panneaux-a0-indd-8\/'><img loading=\"lazy\" decoding=\"async\" width=\"125\" height=\"125\" src=\"http:\/\/www.dessus.org\/site\/wp-content\/uploads\/2017\/02\/Panneaux-A0-8-125x125.jpg\" class=\"attachment-thumbnail size-thumbnail\" alt=\"\" \/><\/a>\n\t\t\t<\/dt><\/dl><dl class='gallery-item'>\n\t\t\t<dt class='gallery-icon portrait'>\n\t\t\t\t<a href='http:\/\/www.dessus.org\/site\/%e4%b8%ad%e5%9c%8b\/panneaux-a0-indd-9\/'><img loading=\"lazy\" decoding=\"async\" width=\"125\" height=\"125\" src=\"http:\/\/www.dessus.org\/site\/wp-content\/uploads\/2017\/02\/Panneaux-A0-9-125x125.jpg\" class=\"attachment-thumbnail size-thumbnail\" alt=\"\" \/><\/a>\n\t\t\t<\/dt><\/dl><dl class='gallery-item'>\n\t\t\t<dt class='gallery-icon portrait'>\n\t\t\t\t<a href='http:\/\/www.dessus.org\/site\/%e4%b8%ad%e5%9c%8b\/panneaux-a0-indd-10\/'><img loading=\"lazy\" decoding=\"async\" width=\"125\" height=\"125\" src=\"http:\/\/www.dessus.org\/site\/wp-content\/uploads\/2017\/02\/Panneaux-A0-10-125x125.jpg\" class=\"attachment-thumbnail size-thumbnail\" alt=\"\" \/><\/a>\n\t\t\t<\/dt><\/dl><br style=\"clear: both\" \/>\n\t\t<\/div>\n\n","protected":false},"excerpt":{"rendered":"<p>Exposition pr\u00e9sent\u00e9e dans le cadre des Journ\u00e9es nationales de l&rsquo;architecture organis\u00e9es par le Minist\u00e8re de la Culture et de la Communication \u00a0 \u00a0 \u00a0 \u00a0 \u00a0 \u00a0 \u00a0 \u00a0 \u00a0 \u00a0 \u00a0\u00a0\u00a0 \u00a0 \u00a0 \u00a0 \u00a0 \u00a0 \u00a0\u00a0 \u00a0 \u00a0 \u00a0 \u00a0 \u00a0 \u00a0\u00a0 \u00a0 \u00a0 \u00a0 \u00a0 \u00a0\u00a0\u00a0\u00a0 \u00a0 \u00a0 \u00a0 \u00a0 \u00a0\u00a0\u00a0\u00a0 CHINE [&hellip;]<\/p>\n","protected":false},"author":1,"featured_media":0,"parent":0,"menu_order":0,"comment_status":"closed","ping_status":"closed","template":"","meta":{"footnotes":""},"_links":{"self":[{"href":"http:\/\/www.dessus.org\/site\/wp-json\/wp\/v2\/pages\/807"}],"collection":[{"href":"http:\/\/www.dessus.org\/site\/wp-json\/wp\/v2\/pages"}],"about":[{"href":"http:\/\/www.dessus.org\/site\/wp-json\/wp\/v2\/types\/page"}],"author":[{"embeddable":true,"href":"http:\/\/www.dessus.org\/site\/wp-json\/wp\/v2\/users\/1"}],"replies":[{"embeddable":true,"href":"http:\/\/www.dessus.org\/site\/wp-json\/wp\/v2\/comments?post=807"}],"version-history":[{"count":30,"href":"http:\/\/www.dessus.org\/site\/wp-json\/wp\/v2\/pages\/807\/revisions"}],"predecessor-version":[{"id":1551,"href":"http:\/\/www.dessus.org\/site\/wp-json\/wp\/v2\/pages\/807\/revisions\/1551"}],"wp:attachment":[{"href":"http:\/\/www.dessus.org\/site\/wp-json\/wp\/v2\/media?parent=807"}],"curies":[{"name":"wp","href":"https:\/\/api.w.org\/{rel}","templated":true}]}}